{"id":6501,"date":"2020-09-02T17:27:48","date_gmt":"2020-09-02T21:27:48","guid":{"rendered":"https:\/\/seaportferry.com\/?page_id=6501"},"modified":"2026-03-18T11:47:42","modified_gmt":"2026-03-18T15:47:42","slug":"aboutus","status":"publish","type":"page","link":"https:\/\/seaportferry.com\/es\/aboutus\/","title":{"rendered":"Acerca de nosotros"},"content":{"rendered":"\n<hr class=\"wp-block-separator has-css-opacity is-style-wide\"\/>\n\n<div class=\"wp-block-cover\" style=\"min-height:345px;aspect-ratio:unset;\"><img data-recalc-dims=\"1\" loading=\"lazy\" decoding=\"async\" width=\"750\" height=\"1000\" class=\"wp-block-cover__image-background wp-image-194\" alt=\"A Seaport Ferry boat pulling out into Boston Harbor with the text About the Seaport Ferry\" src=\"https:\/\/i0.wp.com\/seaportferry.com\/wp-content\/uploads\/2020\/09\/8a4d7fdf-987e-4478-8201-dadb1238ed85.jpeg?resize=750%2C1000&#038;ssl=1\" data-object-fit=\"cover\"\/><span aria-hidden=\"true\" class=\"wp-block-cover__background has-background-dim\"><\/span><div class=\"wp-block-cover__inner-container is-layout-flow wp-block-cover-is-layout-flow\">\n<p class=\"has-text-align-center has-large-font-size wp-block-paragraph\"><strong>Acerca de Seaport Ferry<\/strong><\/p>\n<\/div><\/div>\n\n<p class=\"wp-block-paragraph\">La primera asociaci\u00f3n p\u00fablico-privada de su tipo, este servicio de ferry para pasajeros diarios est\u00e1 financiado generosamente por varias empresas del \u00e1rea de Seaport. El ferry permite a los pasajeros, tanto de las empresas financiadoras como del p\u00fablico en general, disfrutar de la facilidad de viajar por agua. Entre los beneficios del servicio de ferry, se incluyen reducir la congesti\u00f3n del tr\u00e1fico en las carreteras, ayudar al medio ambiente y facilitar los desplazamientos.<\/p>\n\n<hr class=\"wp-block-separator has-css-opacity is-style-wide\"\/>\n\n<div class=\"wp-block-cover\" style=\"min-height:357px;aspect-ratio:unset;\"><img data-recalc-dims=\"1\" loading=\"lazy\" decoding=\"async\" width=\"750\" height=\"693\" class=\"wp-block-cover__image-background wp-image-222\" alt=\"The front facade of the Thomas M. Menino Convention and Exhibition Center (MCEC) in Boston Seaport, with its front plaza and sculptural white roof.\" src=\"https:\/\/i0.wp.com\/seaportferry.com\/wp-content\/uploads\/2020\/09\/bcec-ext-3.jpg?resize=750%2C693&#038;ssl=1\" data-object-fit=\"cover\"\/><span aria-hidden=\"true\" class=\"wp-block-cover__background has-background-dim\"><\/span><div class=\"wp-block-cover__inner-container is-layout-flow wp-block-cover-is-layout-flow\">\n<p class=\"has-text-align-center has-large-font-size wp-block-paragraph\"><strong>Acerca de MCCA<\/strong><\/p>\n<\/div><\/div>\n\n<p class=\"wp-block-paragraph\">El servicio Seaport Ferry es administrado por la Massachusetts Convention Center Authority (MCCA).<\/p>\n\n<p class=\"wp-block-paragraph\">La misi\u00f3n de la MCCA es generar una actividad econ\u00f3mica regional significativa atrayendo convenciones, ferias comerciales y otros eventos a sus instalaciones de clase mundial, al mismo tiempo que maximiza el retorno de la inversi\u00f3n para los residentes y las empresas del Commonwealth de Massachusetts.<\/p>\n\n<p class=\"wp-block-paragraph\">La MCCA tambi\u00e9n trabaja con agencias municipales y estatales para facilitar mejoras en el transporte en el South Boston Waterfront, tanto mediante la consolidaci\u00f3n de servicios privados de transporte como a trav\u00e9s del Seaport Ferry p\u00fablico-privado.\u202fLa MCCA se ha asociado con el operador de embarcaciones con sede en Boston Bay State Cruises para operar el servicio de ferry.<\/p>\n\n<p class=\"wp-block-paragraph\">La MCCA es una autoridad p\u00fablica independiente del Commonwealth de Massachusetts, con su propio Departamento de Transporte autorizado para prestar servicios de transporte p\u00fablico. La MCCA es propietaria del Centro de Convenciones y Exposiciones Thomas M. Menino (MCEC), el Centro de Convenciones en Memoria de Veteranos John B. Hynes, el Lawn on D, el Boston Common Garage y el MassMutual Center en Springfield, y los opera. La MCCA emplea m\u00e1s de 70 profesionales del transporte para apoyar las operaciones de eventos, los servicios de transporte y el Seaport Ferry.<\/p>\n","protected":false},"excerpt":{"rendered":"<p>La primera asociaci\u00f3n p\u00fablico-privada de su tipo, este servicio de ferry para pasajeros diarios est\u00e1 financiado generosamente por varias empresas del \u00e1rea de Seaport. El ferry permite a los pasajeros, tanto de las empresas financiadoras como del p\u00fablico en general, disfrutar de la facilidad de viajar por agua. Entre los beneficios del servicio de ferry,<a class=\"more-link\" href=\"https:\/\/seaportferry.com\/es\/aboutus\/\">Sigue leyendo <span class=\"screen-reader-text\">\u00abAcerca de nosotros\u00bb<\/span><\/a><\/p>\n","protected":false},"author":192442233,"featured_media":0,"parent":0,"menu_order":0,"comment_status":"closed","ping_status":"closed","template":"","meta":{"_coblocks_attr":"","_coblocks_dimensions":"","_coblocks_responsive_height":"","_coblocks_accordion_ie_support":"","_crdt_document":"","advanced_seo_description":"","jetpack_seo_html_title":"","jetpack_seo_noindex":false,"footnotes":""},"class_list":["post-6501","page","type-page","status-publish","hentry","entry"],"jetpack_likes_enabled":true,"jetpack_sharing_enabled":true,"jetpack_shortlink":"https:\/\/wp.me\/Pcl7BS-1GR","amp_enabled":true,"_links":{"self":[{"href":"https:\/\/seaportferry.com\/es\/wp-json\/wp\/v2\/pages\/6501","targetHints":{"allow":["GET"]}}],"collection":[{"href":"https:\/\/seaportferry.com\/es\/wp-json\/wp\/v2\/pages"}],"about":[{"href":"https:\/\/seaportferry.com\/es\/wp-json\/wp\/v2\/types\/page"}],"author":[{"embeddable":true,"href":"https:\/\/seaportferry.com\/es\/wp-json\/wp\/v2\/users\/192442233"}],"replies":[{"embeddable":true,"href":"https:\/\/seaportferry.com\/es\/wp-json\/wp\/v2\/comments?post=6501"}],"version-history":[{"count":1,"href":"https:\/\/seaportferry.com\/es\/wp-json\/wp\/v2\/pages\/6501\/revisions"}],"predecessor-version":[{"id":6502,"href":"https:\/\/seaportferry.com\/es\/wp-json\/wp\/v2\/pages\/6501\/revisions\/6502"}],"wp:attachment":[{"href":"https:\/\/seaportferry.com\/es\/wp-json\/wp\/v2\/media?parent=6501"}],"curies":[{"name":"wp","href":"https:\/\/api.w.org\/{rel}","templated":true}]}}