{"id":6594,"date":"2020-09-22T14:34:42","date_gmt":"2020-09-22T18:34:42","guid":{"rendered":"https:\/\/seaportferry.com\/?page_id=6594"},"modified":"2026-03-25T16:45:13","modified_gmt":"2026-03-25T20:45:13","slug":"inicio","status":"publish","type":"page","link":"https:\/\/seaportferry.com\/es\/","title":{"rendered":"Inicio"},"content":{"rendered":"\n<p class=\"is-style-error wp-block-paragraph\">Seaportferry.com est\u00e1 en proceso de actualizaci\u00f3n. Es posible que algunas p\u00e1ginas se hayan movido o modificado. Si tiene alguna pregunta, no dude en contactarnos. Pedimos disculpas por las molestias.<\/p>\n\n\n\n<div class=\"wp-block-cover\" style=\"min-height:259px;aspect-ratio:unset;\"><img data-recalc-dims=\"1\" loading=\"lazy\" decoding=\"async\" width=\"750\" height=\"282\" class=\"wp-block-cover__image-background wp-image-5429\" alt=\"The Seaport Ferry - the best commute in Boston! Image shows Boston Harbor with Seaport Ferry boat in the foreground and Boston Harbor skyline in the background.\" src=\"https:\/\/i0.wp.com\/seaportferry.com\/wp-content\/uploads\/2026\/03\/IMG_6498-edited-e1772740829763.jpg?resize=750%2C282&#038;ssl=1\" data-object-fit=\"cover\" srcset=\"https:\/\/i0.wp.com\/seaportferry.com\/wp-content\/uploads\/2026\/03\/IMG_6498-edited-e1772740829763.jpg?w=1940&amp;ssl=1 1940w, https:\/\/i0.wp.com\/seaportferry.com\/wp-content\/uploads\/2026\/03\/IMG_6498-edited-e1772740829763.jpg?resize=300%2C113&amp;ssl=1 300w, https:\/\/i0.wp.com\/seaportferry.com\/wp-content\/uploads\/2026\/03\/IMG_6498-edited-e1772740829763.jpg?resize=1024%2C385&amp;ssl=1 1024w, https:\/\/i0.wp.com\/seaportferry.com\/wp-content\/uploads\/2026\/03\/IMG_6498-edited-e1772740829763.jpg?resize=768%2C289&amp;ssl=1 768w, https:\/\/i0.wp.com\/seaportferry.com\/wp-content\/uploads\/2026\/03\/IMG_6498-edited-e1772740829763.jpg?resize=1536%2C578&amp;ssl=1 1536w, https:\/\/i0.wp.com\/seaportferry.com\/wp-content\/uploads\/2026\/03\/IMG_6498-edited-e1772740829763.jpg?resize=1568%2C590&amp;ssl=1 1568w\" sizes=\"auto, (max-width: 750px) 100vw, 750px\" \/><span aria-hidden=\"true\" class=\"wp-block-cover__background has-background-dim\"><\/span><div class=\"wp-block-cover__inner-container is-layout-flow wp-block-cover-is-layout-flow\">\n<p class=\"has-text-align-center has-large-font-size wp-block-paragraph\"><em><strong>Seaport Ferry: \u00a1el mejor medio de transporte en Boston!<\/strong><\/em><\/p>\n<\/div><\/div>\n\n\n\n<p class=\"wp-block-paragraph\">Seaport Ferry funciona por las ma\u00f1anas y por las tardes, de lunes a viernes. El ferry est\u00e1 abierto al p\u00fablico. Los boletos cuestan $5 por trayecto. Nuestra aplicaci\u00f3n m\u00f3vil es la forma m\u00e1s sencilla de comprar sus boletos. Consulte a continuaci\u00f3n para descargar la aplicaci\u00f3n y comprar sus boletos. <\/p>\n\n\n\n<p class=\"wp-block-paragraph\">Los empleados y arrendatarios de las empresas financiadoras participantes son elegibles para un pase de transporte corporativo mensual gratuito. Consulte <a href=\"https:\/\/seaportferry.com\/es\/ticketing\/\">Compra<\/a> de boletos para obtener m\u00e1s informaci\u00f3n.<\/p>\n\n\n\n<figure class=\"wp-block-image size-full\"><img data-recalc-dims=\"1\" loading=\"lazy\" decoding=\"async\" width=\"700\" height=\"886\" data-attachment-id=\"6836\" data-permalink=\"https:\/\/seaportferry.com\/es\/ticketing\/es-north-station-seaport-ferry-schedule_march-2026-8\/\" data-orig-file=\"https:\/\/i0.wp.com\/seaportferry.com\/wp-content\/uploads\/2026\/03\/ES-North-Station-Seaport-Ferry-Schedule_March-2026-8.webp?fit=700%2C886&amp;ssl=1\" data-orig-size=\"700,886\" data-comments-opened=\"1\" data-image-meta=\"{&quot;aperture&quot;:&quot;0&quot;,&quot;credit&quot;:&quot;&quot;,&quot;camera&quot;:&quot;&quot;,&quot;caption&quot;:&quot;&quot;,&quot;created_timestamp&quot;:&quot;0&quot;,&quot;copyright&quot;:&quot;&quot;,&quot;focal_length&quot;:&quot;0&quot;,&quot;iso&quot;:&quot;0&quot;,&quot;shutter_speed&quot;:&quot;0&quot;,&quot;title&quot;:&quot;&quot;,&quot;orientation&quot;:&quot;0&quot;}\" data-image-title=\"ES-North-Station-Seaport-Ferry-Schedule_March-2026-8\" data-image-description=\"\" data-image-caption=\"\" data-large-file=\"https:\/\/i0.wp.com\/seaportferry.com\/wp-content\/uploads\/2026\/03\/ES-North-Station-Seaport-Ferry-Schedule_March-2026-8.webp?fit=700%2C886&amp;ssl=1\" src=\"https:\/\/i0.wp.com\/seaportferry.com\/wp-content\/uploads\/2026\/03\/ES-North-Station-Seaport-Ferry-Schedule_March-2026-8.webp?resize=700%2C886&#038;ssl=1\" alt=\"\" class=\"wp-image-6836\" srcset=\"https:\/\/i0.wp.com\/seaportferry.com\/wp-content\/uploads\/2026\/03\/ES-North-Station-Seaport-Ferry-Schedule_March-2026-8.webp?w=700&amp;ssl=1 700w, https:\/\/i0.wp.com\/seaportferry.com\/wp-content\/uploads\/2026\/03\/ES-North-Station-Seaport-Ferry-Schedule_March-2026-8.webp?resize=237%2C300&amp;ssl=1 237w\" sizes=\"auto, (max-width: 700px) 100vw, 700px\" \/><\/figure>\n\n\n\n<figure class=\"wp-block-image size-full\"><img data-recalc-dims=\"1\" loading=\"lazy\" decoding=\"async\" width=\"648\" height=\"880\" data-attachment-id=\"6847\" data-permalink=\"https:\/\/seaportferry.com\/es\/ticketing\/es-east-boston-seaport-ferry-schedule-_march-2026-6\/\" data-orig-file=\"https:\/\/i0.wp.com\/seaportferry.com\/wp-content\/uploads\/2026\/03\/ES-East-Boston-Seaport-Ferry-Schedule-_March-2026-6.webp?fit=648%2C880&amp;ssl=1\" data-orig-size=\"648,880\" data-comments-opened=\"1\" data-image-meta=\"{&quot;aperture&quot;:&quot;0&quot;,&quot;credit&quot;:&quot;&quot;,&quot;camera&quot;:&quot;&quot;,&quot;caption&quot;:&quot;&quot;,&quot;created_timestamp&quot;:&quot;0&quot;,&quot;copyright&quot;:&quot;&quot;,&quot;focal_length&quot;:&quot;0&quot;,&quot;iso&quot;:&quot;0&quot;,&quot;shutter_speed&quot;:&quot;0&quot;,&quot;title&quot;:&quot;&quot;,&quot;orientation&quot;:&quot;0&quot;}\" data-image-title=\"ES-East-Boston-Seaport-Ferry-Schedule-_March-2026-6\" data-image-description=\"\" data-image-caption=\"\" data-large-file=\"https:\/\/i0.wp.com\/seaportferry.com\/wp-content\/uploads\/2026\/03\/ES-East-Boston-Seaport-Ferry-Schedule-_March-2026-6.webp?fit=648%2C880&amp;ssl=1\" src=\"https:\/\/i0.wp.com\/seaportferry.com\/wp-content\/uploads\/2026\/03\/ES-East-Boston-Seaport-Ferry-Schedule-_March-2026-6.webp?resize=648%2C880&#038;ssl=1\" alt=\"\" class=\"wp-image-6847\" srcset=\"https:\/\/i0.wp.com\/seaportferry.com\/wp-content\/uploads\/2026\/03\/ES-East-Boston-Seaport-Ferry-Schedule-_March-2026-6.webp?w=648&amp;ssl=1 648w, https:\/\/i0.wp.com\/seaportferry.com\/wp-content\/uploads\/2026\/03\/ES-East-Boston-Seaport-Ferry-Schedule-_March-2026-6.webp?resize=221%2C300&amp;ssl=1 221w\" sizes=\"auto, (max-width: 648px) 100vw, 648px\" \/><\/figure>\n\n\n\n<div style=\"height:12px\" aria-hidden=\"true\" class=\"wp-block-spacer\"><\/div>\n\n\n\n<hr class=\"wp-block-separator has-alpha-channel-opacity\"\/>\n\n\n\n<div class=\"wp-block-media-text alignfull is-stacked-on-mobile is-vertically-aligned-center has-background-color has-text-color has-background\" style=\"background-color:#0e2d6b\"><figure class=\"wp-block-media-text__media\"><img data-recalc-dims=\"1\" loading=\"lazy\" decoding=\"async\" width=\"750\" height=\"393\" data-attachment-id=\"6837\" data-permalink=\"https:\/\/seaportferry.com\/es\/ticketing\/es-seaportferry-facebook-v4-opt2\/\" data-orig-file=\"https:\/\/i0.wp.com\/seaportferry.com\/wp-content\/uploads\/2026\/03\/ES-SeaportFerry-Facebook-V4-opt2.webp?fit=1200%2C629&amp;ssl=1\" data-orig-size=\"1200,629\" data-comments-opened=\"1\" data-image-meta=\"{&quot;aperture&quot;:&quot;0&quot;,&quot;credit&quot;:&quot;&quot;,&quot;camera&quot;:&quot;&quot;,&quot;caption&quot;:&quot;&quot;,&quot;created_timestamp&quot;:&quot;0&quot;,&quot;copyright&quot;:&quot;&quot;,&quot;focal_length&quot;:&quot;0&quot;,&quot;iso&quot;:&quot;0&quot;,&quot;shutter_speed&quot;:&quot;0&quot;,&quot;title&quot;:&quot;&quot;,&quot;orientation&quot;:&quot;0&quot;}\" data-image-title=\"ES-SeaportFerry-Facebook-V4-opt2\" data-image-description=\"\" data-image-caption=\"\" data-large-file=\"https:\/\/i0.wp.com\/seaportferry.com\/wp-content\/uploads\/2026\/03\/ES-SeaportFerry-Facebook-V4-opt2.webp?fit=750%2C393&amp;ssl=1\" src=\"https:\/\/i0.wp.com\/seaportferry.com\/wp-content\/uploads\/2026\/03\/ES-SeaportFerry-Facebook-V4-opt2.webp?resize=750%2C393&#038;ssl=1\" alt=\"\" class=\"wp-image-6837 size-full\" srcset=\"https:\/\/i0.wp.com\/seaportferry.com\/wp-content\/uploads\/2026\/03\/ES-SeaportFerry-Facebook-V4-opt2.webp?resize=1024%2C537&amp;ssl=1 1024w, https:\/\/i0.wp.com\/seaportferry.com\/wp-content\/uploads\/2026\/03\/ES-SeaportFerry-Facebook-V4-opt2.webp?resize=300%2C157&amp;ssl=1 300w, https:\/\/i0.wp.com\/seaportferry.com\/wp-content\/uploads\/2026\/03\/ES-SeaportFerry-Facebook-V4-opt2.webp?resize=768%2C403&amp;ssl=1 768w, https:\/\/i0.wp.com\/seaportferry.com\/wp-content\/uploads\/2026\/03\/ES-SeaportFerry-Facebook-V4-opt2.webp?w=1200&amp;ssl=1 1200w\" sizes=\"auto, (max-width: 750px) 100vw, 750px\" \/><\/figure><div class=\"wp-block-media-text__content\">\n<p class=\"has-text-align-center has-background-color has-text-color has-link-color has-large-font-size wp-elements-57f3232c888c09bc148106309450c1bb wp-block-paragraph\"><strong>\u00a1Consiga su boleto m\u00f3vil!<\/strong><\/p>\n\n\n\n<p class=\"has-text-align-center has-background-color has-text-color has-link-color has-large-font-size wp-elements-ee0796e2491f67432eb3407ccc02c0dd wp-block-paragraph\">Descargue la aplicaci\u00f3n Seaport Ferry desde la <a href=\"https:\/\/apps.apple.com\/us\/app\/boston-seaport-ferry\/id1450378585\"><strong>App Store<\/strong><\/a> y <strong><a href=\"https:\/\/play.google.com\/store\/apps\/details?id=com.justride.seaportma&amp;amp;pcampaignid=web_share\">Google Play<\/a>.<\/strong><\/p>\n<\/div><\/div>\n\n\n\n<p class=\"has-text-align-center wp-block-paragraph\">Al utilizar la aplicaci\u00f3n Seaport Ferry, acepta los <a href=\"https:\/\/seaportferry.com\/es\/seaport-ferry-app-terms-conditions\/\" data-type=\"link\" data-id=\"https:\/\/seaportferry.com\/seaport-ferry-app-terms-conditions\/\">T\u00e9rminos y condiciones.<\/a><\/p>\n\n\n\n<p class=\"wp-block-paragraph\"><\/p>\n","protected":false},"excerpt":{"rendered":"<p>Seaportferry.com est\u00e1 en proceso de actualizaci\u00f3n. Es posible que algunas p\u00e1ginas se hayan movido o modificado. Si tiene alguna pregunta, no dude en contactarnos. Pedimos disculpas por las molestias. Seaport Ferry funciona por las ma\u00f1anas y por las tardes, de lunes a viernes. El ferry est\u00e1 abierto al p\u00fablico. Los boletos cuestan $5 por trayecto.<a class=\"more-link\" href=\"https:\/\/seaportferry.com\/es\/\">Sigue leyendo <span class=\"screen-reader-text\">\u00abInicio\u00bb<\/span><\/a><\/p>\n","protected":false},"author":192442233,"featured_media":5904,"parent":0,"menu_order":0,"comment_status":"closed","ping_status":"closed","template":"","meta":{"_coblocks_attr":"","_coblocks_dimensions":"","_coblocks_responsive_height":"","_coblocks_accordion_ie_support":"","_crdt_document":"","advanced_seo_description":"","jetpack_seo_html_title":"","jetpack_seo_noindex":false,"footnotes":""},"class_list":["post-6594","page","type-page","status-publish","has-post-thumbnail","hentry","entry"],"jetpack_likes_enabled":true,"jetpack_sharing_enabled":true,"jetpack_shortlink":"https:\/\/wp.me\/Pcl7BS-1Im","amp_enabled":false,"_links":{"self":[{"href":"https:\/\/seaportferry.com\/es\/wp-json\/wp\/v2\/pages\/6594","targetHints":{"allow":["GET"]}}],"collection":[{"href":"https:\/\/seaportferry.com\/es\/wp-json\/wp\/v2\/pages"}],"about":[{"href":"https:\/\/seaportferry.com\/es\/wp-json\/wp\/v2\/types\/page"}],"author":[{"embeddable":true,"href":"https:\/\/seaportferry.com\/es\/wp-json\/wp\/v2\/users\/192442233"}],"replies":[{"embeddable":true,"href":"https:\/\/seaportferry.com\/es\/wp-json\/wp\/v2\/comments?post=6594"}],"version-history":[{"count":6,"href":"https:\/\/seaportferry.com\/es\/wp-json\/wp\/v2\/pages\/6594\/revisions"}],"predecessor-version":[{"id":7040,"href":"https:\/\/seaportferry.com\/es\/wp-json\/wp\/v2\/pages\/6594\/revisions\/7040"}],"wp:featuredmedia":[{"embeddable":true,"href":"https:\/\/seaportferry.com\/es\/wp-json\/wp\/v2\/media\/5904"}],"wp:attachment":[{"href":"https:\/\/seaportferry.com\/es\/wp-json\/wp\/v2\/media?parent=6594"}],"curies":[{"name":"wp","href":"https:\/\/api.w.org\/{rel}","templated":true}]}}