{"id":6527,"date":"2020-09-22T13:26:36","date_gmt":"2020-09-22T17:26:36","guid":{"rendered":"https:\/\/seaportferry.com\/?page_id=6527"},"modified":"2026-03-24T12:42:35","modified_gmt":"2026-03-24T16:42:35","slug":"schedule","status":"publish","type":"page","link":"https:\/\/seaportferry.com\/ht\/schedule\/","title":{"rendered":"Or\u00e8 Batiman yo"},"content":{"rendered":"<div class=\"wp-block-image\">\n<figure class=\"aligncenter size-full\"><img data-recalc-dims=\"1\" loading=\"lazy\" decoding=\"async\" width=\"700\" height=\"886\" data-attachment-id=\"6776\" data-permalink=\"https:\/\/seaportferry.com\/ht\/akey\/ht-north-station-seaport-ferry-schedule_march-2026-8\/\" data-orig-file=\"https:\/\/i0.wp.com\/seaportferry.com\/wp-content\/uploads\/2026\/03\/HT-North-Station-Seaport-Ferry-Schedule_March-2026-8.webp?fit=700%2C886&amp;ssl=1\" data-orig-size=\"700,886\" data-comments-opened=\"1\" data-image-meta=\"{&quot;aperture&quot;:&quot;0&quot;,&quot;credit&quot;:&quot;&quot;,&quot;camera&quot;:&quot;&quot;,&quot;caption&quot;:&quot;&quot;,&quot;created_timestamp&quot;:&quot;0&quot;,&quot;copyright&quot;:&quot;&quot;,&quot;focal_length&quot;:&quot;0&quot;,&quot;iso&quot;:&quot;0&quot;,&quot;shutter_speed&quot;:&quot;0&quot;,&quot;title&quot;:&quot;&quot;,&quot;orientation&quot;:&quot;0&quot;}\" data-image-title=\"HT-North-Station-Seaport-Ferry-Schedule_March-2026-8\" data-image-description=\"\" data-image-caption=\"\" data-large-file=\"https:\/\/i0.wp.com\/seaportferry.com\/wp-content\/uploads\/2026\/03\/HT-North-Station-Seaport-Ferry-Schedule_March-2026-8.webp?fit=700%2C886&amp;ssl=1\" src=\"https:\/\/i0.wp.com\/seaportferry.com\/wp-content\/uploads\/2026\/03\/HT-North-Station-Seaport-Ferry-Schedule_March-2026-8.webp?resize=700%2C886&#038;ssl=1\" alt=\"\" class=\"wp-image-6776\" srcset=\"https:\/\/i0.wp.com\/seaportferry.com\/wp-content\/uploads\/2026\/03\/HT-North-Station-Seaport-Ferry-Schedule_March-2026-8.webp?w=700&amp;ssl=1 700w, https:\/\/i0.wp.com\/seaportferry.com\/wp-content\/uploads\/2026\/03\/HT-North-Station-Seaport-Ferry-Schedule_March-2026-8.webp?resize=237%2C300&amp;ssl=1 237w\" sizes=\"auto, (max-width: 700px) 100vw, 700px\" \/><\/figure>\n<\/div>\n\n\n<div style=\"height:26px\" aria-hidden=\"true\" class=\"wp-block-spacer\"><\/div>\n\n\n<div class=\"wp-block-image\">\n<figure class=\"aligncenter size-full\"><img data-recalc-dims=\"1\" loading=\"lazy\" decoding=\"async\" width=\"648\" height=\"880\" data-attachment-id=\"6777\" data-permalink=\"https:\/\/seaportferry.com\/ht\/akey\/ht-east-boston-seaport-ferry-schedule-_march-2026-6\/\" data-orig-file=\"https:\/\/i0.wp.com\/seaportferry.com\/wp-content\/uploads\/2026\/03\/HT-East-Boston-Seaport-Ferry-Schedule-_March-2026-6.webp?fit=648%2C880&amp;ssl=1\" data-orig-size=\"648,880\" data-comments-opened=\"1\" data-image-meta=\"{&quot;aperture&quot;:&quot;0&quot;,&quot;credit&quot;:&quot;&quot;,&quot;camera&quot;:&quot;&quot;,&quot;caption&quot;:&quot;&quot;,&quot;created_timestamp&quot;:&quot;0&quot;,&quot;copyright&quot;:&quot;&quot;,&quot;focal_length&quot;:&quot;0&quot;,&quot;iso&quot;:&quot;0&quot;,&quot;shutter_speed&quot;:&quot;0&quot;,&quot;title&quot;:&quot;&quot;,&quot;orientation&quot;:&quot;0&quot;}\" data-image-title=\"HT-East-Boston-Seaport-Ferry-Schedule-_March-2026-6\" data-image-description=\"\" data-image-caption=\"\" data-large-file=\"https:\/\/i0.wp.com\/seaportferry.com\/wp-content\/uploads\/2026\/03\/HT-East-Boston-Seaport-Ferry-Schedule-_March-2026-6.webp?fit=648%2C880&amp;ssl=1\" src=\"https:\/\/i0.wp.com\/seaportferry.com\/wp-content\/uploads\/2026\/03\/HT-East-Boston-Seaport-Ferry-Schedule-_March-2026-6.webp?resize=648%2C880&#038;ssl=1\" alt=\"\" class=\"wp-image-6777\" srcset=\"https:\/\/i0.wp.com\/seaportferry.com\/wp-content\/uploads\/2026\/03\/HT-East-Boston-Seaport-Ferry-Schedule-_March-2026-6.webp?w=648&amp;ssl=1 648w, https:\/\/i0.wp.com\/seaportferry.com\/wp-content\/uploads\/2026\/03\/HT-East-Boston-Seaport-Ferry-Schedule-_March-2026-6.webp?resize=221%2C300&amp;ssl=1 221w\" sizes=\"auto, (max-width: 648px) 100vw, 648px\" \/><\/figure>\n<\/div>\n\n\n<div style=\"height:32px\" aria-hidden=\"true\" class=\"wp-block-spacer\"><\/div>\n\n\n\n<h3 class=\"wp-block-heading\">Or\u00e8 Batan yo an PDF<\/h3>\n\n\n\n<div class=\"wp-block-buttons is-layout-flex wp-block-buttons-is-layout-flex\">\n<div class=\"wp-block-button\"><a class=\"wp-block-button__link wp-element-button\" href=\"https:\/\/seaportferry.com\/wp-content\/uploads\/2026\/03\/HT-North-Station-Seaport-Ferry-Schedule_March-2026-8.pdf\" target=\"_blank\" rel=\"noreferrer noopener\">Or\u00e8 Estasyon N\u00f2 a<\/a><\/div>\n\n\n\n<div class=\"wp-block-button\"><a class=\"wp-block-button__link wp-element-button\" href=\"https:\/\/seaportferry.com\/wp-content\/uploads\/2026\/03\/HT-East-Boston-Seaport-Ferry-Schedule-_March-2026-6.pdf\" target=\"_blank\" rel=\"noreferrer noopener\">Or\u00e8 East Boston<\/a><\/div>\n<\/div>\n\n\n\n<div data-wp-context=\"{ &quot;autoclose&quot;: false, &quot;accordionItems&quot;: [] }\" data-wp-interactive=\"core\/accordion\" role=\"group\" class=\"wp-block-accordion is-layout-flow wp-block-accordion-is-layout-flow\">\n<div data-wp-class--is-open=\"state.isOpen\" data-wp-context=\"{ &quot;id&quot;: &quot;accordion-item-1&quot;, &quot;openByDefault&quot;: false }\" data-wp-init=\"callbacks.initAccordionItems\" data-wp-on-window--hashchange=\"callbacks.hashChange\" class=\"wp-block-accordion-item is-layout-flow wp-block-accordion-item-is-layout-flow\">\n<h3 class=\"wp-block-accordion-heading\"><button aria-expanded=\"false\" aria-controls=\"accordion-item-1-panel\" data-wp-bind--aria-expanded=\"state.isOpen\" data-wp-on--click=\"actions.toggle\" id=\"accordion-item-1\" type=\"button\" class=\"wp-block-accordion-heading__toggle\"><span class=\"wp-block-accordion-heading__toggle-title\">Ki kote batiman an prale?<\/span><span class=\"wp-block-accordion-heading__toggle-icon\" aria-hidden=\"true\">+<\/span><\/button><\/h3> \n\n\n\n<div inert aria-labelledby=\"accordion-item-1\" data-wp-bind--inert=\"!state.isOpen\" id=\"accordion-item-1-panel\" role=\"region\" class=\"wp-block-accordion-panel is-layout-flow wp-block-accordion-panel-is-layout-flow\">\n<p class=\"wp-block-paragraph\">P\u00f2 Maritim Batiman Ferry Seaport la gen de wout, <strong>wout North Station<\/strong> ak <strong>wout East Boston.<\/strong><\/p>\n\n\n\n<ul class=\"wp-block-list\">\n<li>Wout maten <span style=\"text-decoration: underline;\">North Station lan<\/span> soti nan Lovejoy Wharf nan North Station, pase nan Fan Pier, pase nan Pier 10, epi retounen nan Lovejoy Wharf<\/li>\n<\/ul>\n\n\n\n<ul class=\"wp-block-list\">\n<li>Wout <span style=\"text-decoration: underline;\">asw\u00e8<\/span> North Station lan soti nan Pier 10, pase nan Fan Pier, pase nan waf Lovejoy Wharf nan North Station, epi retounen nan Pier 10<\/li>\n\n\n\n<li>Wout East Boston lan fonksyone<span style=\"text-decoration: underline;\"> maten ak asw\u00e8<\/span> soti nan Lewis Mall Wharf nan East Boston pou rive nan Lovejoy Wharf nan North Station<\/li>\n<\/ul>\n\n\n<div class=\"wp-block-image\">\n<figure class=\"aligncenter size-full is-resized\"><img data-recalc-dims=\"1\" loading=\"lazy\" decoding=\"async\" width=\"580\" height=\"461\" fetchpriority=\"low\" src=\"https:\/\/i0.wp.com\/seaportferry.com\/wp-content\/uploads\/2026\/02\/Ferry-routes-graphic-1.jpg?resize=580%2C461&#038;ssl=1\" alt=\"Kat jeyografik ki montre wout North Station ak East Boston P&#xF2; Maritim Batiman Ferry Seaport la.\" class=\"wp-image-5369\" style=\"width:606px;height:auto\" srcset=\"https:\/\/i0.wp.com\/seaportferry.com\/wp-content\/uploads\/2026\/02\/Ferry-routes-graphic-1.jpg?w=580&amp;ssl=1 580w, https:\/\/i0.wp.com\/seaportferry.com\/wp-content\/uploads\/2026\/02\/Ferry-routes-graphic-1.jpg?resize=300%2C238&amp;ssl=1 300w\" sizes=\"auto, (max-width: 580px) 100vw, 580px\" \/><\/figure>\n<\/div>\n\n\n<p class=\"wp-block-paragraph\">Pran <strong>wout North Station lan<\/strong> nan nenp\u00f2t nan 3 ar\u00e8 yo:<\/p>\n\n\n\n<ul class=\"wp-block-list\">\n<li><strong>North Station &#8211; Lovejoy Wharf<\/strong>, ki sitiye nan ent\u00e8seksyon Beverly St ak Harborwalk. <a href=\"https:\/\/maps.app.goo.gl\/qJfViUU8RCNwYJeq7\" data-type=\"link\" data-id=\"https:\/\/maps.app.goo.gl\/qJfViUU8RCNwYJeq7\"><strong><span style=\"text-decoration: underline;\">Jwenn waf Lovejoy Wharf sou Google Maps<\/span><\/strong><\/a><\/li>\n\n\n\n<li><strong>Waf Fan Pier, <\/strong>sitiye sou Harborwalk ant Harbor Shore Dr. ak Marina Park Dr. <a href=\"https:\/\/maps.app.goo.gl\/CmHz68frjTHgKZcF8\" data-type=\"link\" data-id=\"https:\/\/maps.app.goo.gl\/CmHz68frjTHgKZcF8\"><span style=\"text-decoration: underline;\"><strong>Jwenn waf Fan Pier sou Google Maps<\/strong><\/span><\/a><\/li>\n\n\n\n<li><strong>Waf Pier 10<\/strong>, ki sitiye nan finisman Drydock Green Space nan finisman Avni Drydock. <a href=\"https:\/\/maps.app.goo.gl\/ZcGdk3B5HHb9W1D96\" data-type=\"link\" data-id=\"https:\/\/maps.app.goo.gl\/ZcGdk3B5HHb9W1D96\"><strong><span style=\"text-decoration: underline;\">Jwenn Pier 10 sou Google Maps<\/span><\/strong><\/a><\/li>\n<\/ul>\n\n\n\n<p class=\"wp-block-paragraph\">Pran <strong>wout East Boston <\/strong>nan nenp\u00f2t nan 2 ar\u00e8 yo:<\/p>\n\n\n\n<ul class=\"wp-block-list\">\n<li><strong>Lewis Mall Wharf<\/strong>, ki sitiye nan ent\u00e8seksyon Lewis St. ak E. Pier St. <a href=\"https:\/\/maps.app.goo.gl\/uiMPTgRjckCVemeM6\"><strong><span style=\"text-decoration: underline;\">Jwenn Lewis Mall Wharf sou Google Maps<\/span><\/strong><\/a><\/li>\n\n\n\n<li><strong>Fan Pier<\/strong>, ki sitiye sou Harborwalk ant Harbor Shore Dr. ak Marina Park Dr. <a href=\"https:\/\/maps.app.goo.gl\/CmHz68frjTHgKZcF8\" data-type=\"link\" data-id=\"https:\/\/maps.app.goo.gl\/CmHz68frjTHgKZcF8\"><span style=\"text-decoration: underline;\"><strong>Jwenn Fan Pier sou Google Maps<\/strong><\/span><\/a><\/li>\n<\/ul>\n<\/div>\n<\/div>\n<\/div>\n\n\n\n<div data-wp-context=\"{ &quot;autoclose&quot;: false, &quot;accordionItems&quot;: [] }\" data-wp-interactive=\"core\/accordion\" role=\"group\" class=\"wp-block-accordion is-layout-flow wp-block-accordion-is-layout-flow\">\n<div data-wp-class--is-open=\"state.isOpen\" data-wp-context=\"{ &quot;id&quot;: &quot;accordion-item-2&quot;, &quot;openByDefault&quot;: false }\" data-wp-init=\"callbacks.initAccordionItems\" data-wp-on-window--hashchange=\"callbacks.hashChange\" class=\"wp-block-accordion-item is-layout-flow wp-block-accordion-item-is-layout-flow\">\n<h3 class=\"wp-block-accordion-heading\"><button aria-expanded=\"false\" aria-controls=\"accordion-item-2-panel\" data-wp-bind--aria-expanded=\"state.isOpen\" data-wp-on--click=\"actions.toggle\" id=\"accordion-item-2\" type=\"button\" class=\"wp-block-accordion-heading__toggle\"><span class=\"wp-block-accordion-heading__toggle-title\">Lokalizasyon Bato<\/span><span class=\"wp-block-accordion-heading__toggle-icon\" aria-hidden=\"true\">+<\/span><\/button><\/h3>\n\n\n\n<div inert aria-labelledby=\"accordion-item-2\" data-wp-bind--inert=\"!state.isOpen\" id=\"accordion-item-2-panel\" role=\"region\" class=\"wp-block-accordion-panel is-layout-flow wp-block-accordion-panel-is-layout-flow\">\n<p class=\"wp-block-paragraph\">Batiman nou yo ekipe av\u00e8k lokalizat\u00e8 GPS ou ka jwenn aks\u00e8 an tan rey\u00e8l nan lyen ki anba yo.<\/p>\n\n\n\n<p class=\"wp-block-paragraph\"><strong>Batiman pou Wout Estasyon N\u00f2 a:<\/strong><\/p>\n\n\n\n<p class=\"wp-block-paragraph\"><a href=\"https:\/\/www.vesselfinder.com\/?mmsi=368227350\" data-type=\"link\" data-id=\"https:\/\/www.vesselfinder.com\/?mmsi=368227350\">PHILLIS WHEATLEY<\/a><\/p>\n\n\n\n<p class=\"wp-block-paragraph\"><a href=\"https:\/\/www.vesselfinder.com\/?mmsi=368227370\">SAMUEL WHITTEMORE<\/a><\/p>\n\n\n\n<p class=\"wp-block-paragraph\"><a href=\"https:\/\/www.vesselfinder.com\/?mmsi=368351390\">COMMONWEALTH<\/a><\/p>\n\n\n\n<p class=\"wp-block-paragraph\"><strong>Batiman pou Wout East Boston:<\/strong><\/p>\n\n\n\n<p class=\"wp-block-paragraph\"><a href=\"https:\/\/www.vesselfinder.com\/?mmsi=368157410\">MV CRISPUS ATTUCKS<\/a><\/p>\n<\/div>\n<\/div>\n<\/div>\n","protected":false},"excerpt":{"rendered":"<p>Or\u00e8 Batan yo an PDF<\/p>\n","protected":false},"author":192442233,"featured_media":0,"parent":0,"menu_order":0,"comment_status":"closed","ping_status":"closed","template":"","meta":{"_coblocks_attr":"","_coblocks_dimensions":"","_coblocks_responsive_height":"","_coblocks_accordion_ie_support":"","_crdt_document":"","advanced_seo_description":"","jetpack_seo_html_title":"","jetpack_seo_noindex":false,"footnotes":""},"class_list":["post-6527","page","type-page","status-publish","hentry","entry"],"jetpack_likes_enabled":true,"jetpack_sharing_enabled":true,"jetpack_shortlink":"https:\/\/wp.me\/Pcl7BS-1Hh","amp_enabled":true,"_links":{"self":[{"href":"https:\/\/seaportferry.com\/ht\/wp-json\/wp\/v2\/pages\/6527","targetHints":{"allow":["GET"]}}],"collection":[{"href":"https:\/\/seaportferry.com\/ht\/wp-json\/wp\/v2\/pages"}],"about":[{"href":"https:\/\/seaportferry.com\/ht\/wp-json\/wp\/v2\/types\/page"}],"author":[{"embeddable":true,"href":"https:\/\/seaportferry.com\/ht\/wp-json\/wp\/v2\/users\/192442233"}],"replies":[{"embeddable":true,"href":"https:\/\/seaportferry.com\/ht\/wp-json\/wp\/v2\/comments?post=6527"}],"version-history":[{"count":5,"href":"https:\/\/seaportferry.com\/ht\/wp-json\/wp\/v2\/pages\/6527\/revisions"}],"predecessor-version":[{"id":7014,"href":"https:\/\/seaportferry.com\/ht\/wp-json\/wp\/v2\/pages\/6527\/revisions\/7014"}],"wp:attachment":[{"href":"https:\/\/seaportferry.com\/ht\/wp-json\/wp\/v2\/media?parent=6527"}],"curies":[{"name":"wp","href":"https:\/\/api.w.org\/{rel}","templated":true}]}}